{"id":6,"date":"2016-05-31T19:17:19","date_gmt":"2016-05-31T19:17:19","guid":{"rendered":"http:\/\/hecultura.com\/murales\/?page_id=6"},"modified":"2016-07-03T21:26:31","modified_gmt":"2016-07-03T21:26:31","slug":"fundamentacion-el-arte-como-expresion-y-transformacion-social","status":"publish","type":"page","link":"https:\/\/lacasaclaypole.org.ar\/murales\/fundamentacion-el-arte-como-expresion-y-transformacion-social\/","title":{"rendered":"FUNDAMENTACI\u00d3N (El arte como expresi\u00f3n y transformaci\u00f3n social)"},"content":{"rendered":"<p>[et_pb_section admin_label=\u00bbsection\u00bb transparent_background=\u00bboff\u00bb background_color=\u00bb#383838&#8243; allow_player_pause=\u00bboff\u00bb inner_shadow=\u00bboff\u00bb parallax=\u00bboff\u00bb parallax_method=\u00bboff\u00bb padding_mobile=\u00bboff\u00bb make_fullwidth=\u00bboff\u00bb use_custom_width=\u00bboff\u00bb width_unit=\u00bbon\u00bb make_equal=\u00bboff\u00bb use_custom_gutter=\u00bboff\u00bb][et_pb_row admin_label=\u00bbrow\u00bb][et_pb_column type=\u00bb4_4&#8243;][et_pb_text admin_label=\u00bbTexto\u00bb background_layout=\u00bbdark\u00bb text_orientation=\u00bbleft\u00bb use_border_color=\u00bboff\u00bb border_color=\u00bb#ffffff\u00bb border_style=\u00bbsolid\u00bb text_font=\u00bbArial||||\u00bb]<\/p>\n<h1>FUNDAMENTACI\u00d3N: EL ARTE COMO EXPRESI\u00d3N Y TRANSFORMACI\u00d3N SOCIAL<\/h1>\n<p>Esta propuesta pedag\u00f3gica-did\u00e1ctica tiene como objetivo no s\u00f3lo utilizar el mural como recurso did\u00e1ctico tendiente a facilitar el trabajo de transmisi\u00f3n de contenidos espec\u00edficos sino tambi\u00e9n propiciar su an\u00e1lisis como objeto aut\u00f3nomo de estudio y fuente primaria del conocimiento hist\u00f3rico desde una perspectiva no ling\u00fc\u00edstica. En este sentido, es nuestro deseo que los estudiantes y vecinos en general puedan recorrer y reconocer en cada una de estas manifestaciones art\u00edsticas no s\u00f3lo al arte como forma de expresi\u00f3n est\u00e9tica sino tambi\u00e9n como soporte material para la reflexi\u00f3n, la sensibilidad y la concientizaci\u00f3n sobre las problem\u00e1ticas sociales que han llevado a sus respectivos autores a materializar en su obra sus ideas y sentimientos. Estamos convencidos de que este Museo a Cielo Abierto nos brinda una herramienta para la inclusi\u00f3n y transformaci\u00f3n social en cuanto interviene dentro del espacio p\u00fablico, brindando la posibilidad que miles de personas puedan acercarse, conocer, interpretar y apreciar cada uno de estos bienes simb\u00f3licos, representantes de nuestra cultura e identidad hispanoamericanas. La finalidad de este proyecto es una transformaci\u00f3n positiva de la sociedad barrial y especialmente de nuestros j\u00f3venes que han crecido dentro del contexto social del conurbano bonaerense y que, en su mayor\u00eda, han tenido muy pocas oportunidades de acercarse al acervo cultural que constituye nuestra identidad. Por \u00faltimo, se intenta producir un impacto social que provoque cambios en nuestra comunidad, generando lazos m\u00e1s profundos de reciprocidad, intercambio y solidaridad, superando los rasgos individualistas y aislacionistas que caracterizan a la mayor parte de las sociedades actuales La construcci\u00f3n del conocimiento y el aprendizaje que proponemos se centra en diversidad de enfoques y en un contexto en donde se prioriza el respeto y la valoraci\u00f3n del otro.<\/p>\n<p>[\/et_pb_text][\/et_pb_column][\/et_pb_row][\/et_pb_section]<\/p>\n","protected":false},"excerpt":{"rendered":"<p>FUNDAMENTACI\u00d3N: EL ARTE COMO EXPRESI\u00d3N Y TRANSFORMACI\u00d3N SOCIAL Esta propuesta pedag\u00f3gica-did\u00e1ctica tiene como objetivo no s\u00f3lo utilizar el mural como recurso did\u00e1ctico tendiente a facilitar el trabajo de transmisi\u00f3n de contenidos espec\u00edficos sino tambi\u00e9n propiciar su an\u00e1lisis como objeto aut\u00f3nomo de estudio y fuente primaria del conocimiento hist\u00f3rico desde una perspectiva no ling\u00fc\u00edstica. En este [&hellip;]<\/p>\n","protected":false},"author":1,"featured_media":0,"parent":0,"menu_order":0,"comment_status":"closed","ping_status":"closed","template":"","meta":{"_et_pb_use_builder":"on","_et_pb_old_content":"<p>FUNDAMENTACI\u00d3N: EL ARTE COMO EXPRESI\u00d3N Y TRANSFORMACI\u00d3N SOCIAL<\/p><p>Esta propuesta pedag\u00f3gica-did\u00e1ctica tiene como objetivo no s\u00f3lo utilizar el mural como recurso did\u00e1ctico tendiente a facilitar el trabajo de transmisi\u00f3n de contenidos espec\u00edficos sino tambi\u00e9n propiciar su an\u00e1lisis como objeto aut\u00f3nomo de estudio y fuente primaria del conocimiento hist\u00f3rico desde una perspectiva no ling\u00fc\u00edstica. En este sentido, es nuestro deseo que los estudiantes y vecinos en general puedan recorrer y reconocer en cada una de estas manifestaciones art\u00edsticas no s\u00f3lo al arte como forma de expresi\u00f3n est\u00e9tica sino tambi\u00e9n como soporte material para la reflexi\u00f3n, la sensibilidad y la concientizaci\u00f3n sobre las problem\u00e1ticas sociales que han llevado a sus respectivos autores a materializar en su obra sus ideas y sentimientos. Estamos convencidos de que este Museo a Cielo Abierto nos brinda una herramienta para la inclusi\u00f3n y transformaci\u00f3n social en cuanto interviene dentro del espacio p\u00fablico, brindando la posibilidad que miles de personas puedan acercarse, conocer, interpretar y apreciar cada uno de estos bienes simb\u00f3licos, representantes de nuestra cultura e identidad hispanoamericanas. La finalidad de este proyecto es una transformaci\u00f3n positiva de la sociedad barrial y especialmente de nuestros j\u00f3venes que han crecido dentro del contexto social del conurbano bonaerense y que, en su mayor\u00eda, han tenido muy pocas oportunidades de acercarse al acervo cultural que constituye nuestra identidad. Por \u00faltimo, se intenta producir un impacto social que provoque cambios en nuestra comunidad, generando lazos m\u00e1s profundos de reciprocidad, intercambio y solidaridad, superando los rasgos individualistas y aislacionistas que caracterizan a la mayor parte de las sociedades actuales La construcci\u00f3n del conocimiento y el aprendizaje que proponemos se centra en diversidad de enfoques y en un contexto en donde se prioriza el respeto y la valoraci\u00f3n del otro.<\/p>","_et_gb_content_width":""},"_links":{"self":[{"href":"https:\/\/lacasaclaypole.org.ar\/murales\/wp-json\/wp\/v2\/pages\/6"}],"collection":[{"href":"https:\/\/lacasaclaypole.org.ar\/murales\/wp-json\/wp\/v2\/pages"}],"about":[{"href":"https:\/\/lacasaclaypole.org.ar\/murales\/wp-json\/wp\/v2\/types\/page"}],"author":[{"embeddable":true,"href":"https:\/\/lacasaclaypole.org.ar\/murales\/wp-json\/wp\/v2\/users\/1"}],"replies":[{"embeddable":true,"href":"https:\/\/lacasaclaypole.org.ar\/murales\/wp-json\/wp\/v2\/comments?post=6"}],"version-history":[{"count":3,"href":"https:\/\/lacasaclaypole.org.ar\/murales\/wp-json\/wp\/v2\/pages\/6\/revisions"}],"predecessor-version":[{"id":405,"href":"https:\/\/lacasaclaypole.org.ar\/murales\/wp-json\/wp\/v2\/pages\/6\/revisions\/405"}],"wp:attachment":[{"href":"https:\/\/lacasaclaypole.org.ar\/murales\/wp-json\/wp\/v2\/media?parent=6"}],"curies":[{"name":"wp","href":"https:\/\/api.w.org\/{rel}","templated":true}]}}